{"id":2436,"date":"2022-11-10T12:22:37","date_gmt":"2022-11-10T12:22:37","guid":{"rendered":"https:\/\/www.dentihex.pet\/cookie-policy\/"},"modified":"2023-05-18T11:02:37","modified_gmt":"2023-05-18T11:02:37","slug":"gestione-dei-cookie","status":"publish","type":"page","link":"https:\/\/www.dentihex.pet\/it\/gestione-dei-cookie\/","title":{"rendered":"Gestione dei Cookie"},"content":{"rendered":"\t\t<div data-elementor-type=\"wp-page\" data-elementor-id=\"2436\" class=\"elementor elementor-2436 elementor-14\" data-elementor-post-type=\"page\">\n\t\t\t\t\t\t<section class=\"elementor-section elementor-top-section elementor-element elementor-element-62c41a12 elementor-section-boxed elementor-section-height-default elementor-section-height-default\" data-id=\"62c41a12\" data-element_type=\"section\">\n\t\t\t\t\t\t<div class=\"elementor-container elementor-column-gap-default\">\n\t\t\t\t\t<div class=\"elementor-column elementor-col-100 elementor-top-column elementor-element elementor-element-43fe436a\" data-id=\"43fe436a\" data-element_type=\"column\">\n\t\t\t<div class=\"elementor-widget-wrap elementor-element-populated\">\n\t\t\t\t\t\t<div class=\"elementor-element elementor-element-7cf0bc39 elementor-widget elementor-widget-text-editor\" data-id=\"7cf0bc39\" data-element_type=\"widget\" data-widget_type=\"text-editor.default\">\n\t\t\t\t<div class=\"elementor-widget-container\">\n\t\t\t\t\t\t\t\t\t<h3><span style=\"font-weight: bolder; color: #002e62;\">Cosa sono i cookie?<\/span><\/h3>\n<p style=\"color: #72706e; font-size: 18px; font-weight: 400;\">I cookie sono piccoli file che includono quantit\u00e0 di dati che vengono scaricati e installati su un dispositivo durante la navigazione in un sito web. Nelle successive visualizzazioni del sito Web, i cookie vengono restituiti al sito Web originale o ad altri siti Web che riconoscono detti cookie. I cookie sono utili perch\u00e9 consentono di memorizzare e recuperare informazioni sul numero di visitatori, sulle abitudini di navigazione degli utenti e dei dispositivi e, a seconda delle informazioni che contengono e del modo in cui gli utenti utilizzano il dispositivo, possono anche essere utili per riconoscere gli utenti. Maggiori informazioni sui cookie sono disponibili su\u00a0<a href=\"http:\/\/www.allaboutcookies.org\/\" target=\"_blank\" rel=\"noreferrer noopener\">www.allaboutcookies.org<\/a>.<\/p>\n<h3>Che tipo di cookie vengono utilizzati in questo sito?<\/h3>\n<p style=\"color: #72706e; font-size: 18px; font-weight: 400;\">Il sito http:\/\/www.dentihex.com (il \u201cSito Web\u201d) utilizza la seguente tipologia di cookie:<\/p>\n<ul style=\"color: #72706e; font-size: 18px; font-weight: 400;\">\n<li>In base alla durata\n<ul>\n<li>Cookie di sessione: questi cookie esistono solo durante la sessione degli utenti che visitano il sito web. Scompaiono dal dispositivo quando gli utenti chiudono il browser o spengono il dispositivo. Se gli utenti hanno scelto di identificarsi attraverso eventuali meccanismi abilitati, utilizzeremo cookie di sessione contenenti informazioni crittografate per differenziarli dagli altri utenti.<\/li>\n<li>Cookie persistenti: questi cookie rimangono memorizzati nel dispositivo dell&#8217;utente dopo la chiusura del browser o lo spegnimento del dispositivo. Si attivano ogni volta che un utente visita il sito web che ha creato il cookie in particolare. Visitando il Sito, all&#8217;utente viene assegnato un identificatore univoco, che \u00e8 associato a un cookie persistente che verr\u00e0 scaricato sul browser dell&#8217;utente.<\/li>\n<\/ul>\n<\/li>\n<li>In base all&#8217;entit\u00e0 che installa i cookie\n<ul>\n<li>Cookie propri \u2013 Le informazioni raccolte tramite questi cookie sono gestite da LIVISTO al fine di fornire il servizio richiesto dall&#8217;utente.<\/li>\n<li>Cookie di terze parti \u2013 le informazioni ottenute tramite questi cookie sono gestite da Google, Inc.<\/li>\n<\/ul>\n<\/li>\n<li>A seconda dello scopo dell&#8217;installazione di questi cookie\n<ul>\n<li>Cookie tecnici \u2013 sono quelli che consentono all&#8217;utente la navigazione e l&#8217;utilizzo delle diverse opzioni e servizi offerti sul Sito, quali il controllo del traffico e la comunicazione di dati, l&#8217;identificazione di sessioni, la richiesta di informazioni, la visualizzazione di video, l&#8217;uso di elementi di sicurezza durante la navigazione o la memorizzazione, l&#8217;informativa o condivisione di contenuti.<\/li>\n<li>Cookie analitici \u2013 sono quelli che consentono di registrare il numero dei visitatori e misurare ed effettuare analisi statistiche sull&#8217;utilizzo e sull&#8217;attivit\u00e0 degli utenti, nonch\u00e9 creare profili di navigazione per apportare miglioramenti al Sito.<\/li>\n<\/ul>\n<\/li>\n<\/ul>\n<p style=\"color: #72706e; font-size: 18px; font-weight: 400;\">Di seguito una breve descrizione dei cookie utilizzati nel Sito e delle sue finalit\u00e0:<\/p>\t\t\t\t\t\t\t\t<\/div>\n\t\t\t\t<\/div>\n\t\t\t\t<div class=\"elementor-element elementor-element-2887d818 elementor-widget elementor-widget-shortcode\" data-id=\"2887d818\" data-element_type=\"widget\" data-widget_type=\"shortcode.default\">\n\t\t\t\t<div class=\"elementor-widget-container\">\n\t\t\t\t\t\t\t<div class=\"elementor-shortcode\"><table class=\"wt-cli-element cookielawinfo-row-cat-table cookielawinfo-classic\"><thead><tr><th scope=\"col\" class=\"cookielawinfo-column-1\">Cookie<\/th><th scope=\"col\" class=\"cookielawinfo-column-2\">Tipo<\/th><th scope=\"col\" class=\"cookielawinfo-column-3\">Durata<\/th><th scope=\"col\" class=\"cookielawinfo-column-4\">Descrizione<\/th><\/tr><\/thead><tbody><tr class=\"cookielawinfo-row\"><td class=\"cookielawinfo-column-1\">__cf_bm<\/td><td class=\"cookielawinfo-column-2\"><\/td><td class=\"cookielawinfo-column-3\">30 minuti<\/td><td class=\"cookielawinfo-column-4\">Questo cookie, impostato da Cloudflare, viene utilizzato per supportare la gestione dei bot di Cloudflare.<\/td><\/tr><tr class=\"cookielawinfo-row\"><td class=\"cookielawinfo-column-1\">_cfuvid<\/td><td class=\"cookielawinfo-column-2\"><\/td><td class=\"cookielawinfo-column-3\">sessione<\/td><td class=\"cookielawinfo-column-4\">La descrizione non \u00e8 attualmente disponibile.<\/td><\/tr><tr class=\"cookielawinfo-row\"><td class=\"cookielawinfo-column-1\">_fbp<\/td><td class=\"cookielawinfo-column-2\"><\/td><td class=\"cookielawinfo-column-3\">3 mesi<\/td><td class=\"cookielawinfo-column-4\">Facebook imposta questo cookie per visualizzare annunci pubblicitari quando si \u00e8 su Facebook o su una piattaforma digitale alimentata dalla pubblicit\u00e0 di Facebook dopo aver visitato il sito web.<\/td><\/tr><tr class=\"cookielawinfo-row\"><td class=\"cookielawinfo-column-1\">_ga<\/td><td class=\"cookielawinfo-column-2\"><\/td><td class=\"cookielawinfo-column-3\">2 Annos<\/td><td class=\"cookielawinfo-column-4\">Il cookie _ga, installato da Google Analytics, calcola i dati dei visitatori, delle sessioni e delle campagne e tiene traccia dell'utilizzo del sito per il report di analisi del sito. Il cookie memorizza informazioni in modo anonimo e assegna un numero generato casualmente per riconoscere i visitatori unici.<\/td><\/tr><tr class=\"cookielawinfo-row\"><td class=\"cookielawinfo-column-1\">_ga_*<\/td><td class=\"cookielawinfo-column-2\"><\/td><td class=\"cookielawinfo-column-3\">1 anno 1 mese 4 giorni<\/td><td class=\"cookielawinfo-column-4\">Google Analytics imposta questo cookie per memorizzare e conteggiare le visualizzazioni delle pagine.<\/td><\/tr><tr class=\"cookielawinfo-row\"><td class=\"cookielawinfo-column-1\">_ga_W3J7W6PJEC<\/td><td class=\"cookielawinfo-column-2\"><\/td><td class=\"cookielawinfo-column-3\">2 Annos<\/td><td class=\"cookielawinfo-column-4\">Questo cookie \u00e8 installato da Google Analytics.<\/td><\/tr><tr class=\"cookielawinfo-row\"><td class=\"cookielawinfo-column-1\">cookielawinfo-checkbox-advertisement<\/td><td class=\"cookielawinfo-column-2\"><\/td><td class=\"cookielawinfo-column-3\">1 Anno<\/td><td class=\"cookielawinfo-column-4\">Impostato dal plugin GDPR Cookie Consent, questo cookie viene utilizzato per registrare il consenso dell'utente ai cookie nella categoria \"Pubblicit\u00e0\".<\/td><\/tr><tr class=\"cookielawinfo-row\"><td class=\"cookielawinfo-column-1\">cookielawinfo-checkbox-analytics<\/td><td class=\"cookielawinfo-column-2\"><\/td><td class=\"cookielawinfo-column-3\">1 Anno<\/td><td class=\"cookielawinfo-column-4\">Impostato dal plugin GDPR Cookie Consent, questo cookie viene utilizzato per registrare il consenso dell'utente ai cookie nella categoria \"Analitica\".<\/td><\/tr><tr class=\"cookielawinfo-row\"><td class=\"cookielawinfo-column-1\">cookielawinfo-checkbox-functional<\/td><td class=\"cookielawinfo-column-2\"><\/td><td class=\"cookielawinfo-column-3\">1 Anno<\/td><td class=\"cookielawinfo-column-4\">Il cookie \u00e8 impostato dal plugin GDPR Cookie Consent per registrare il consenso dell'utente ai cookie nella categoria \"Funzionalit\u00e0\".<\/td><\/tr><tr class=\"cookielawinfo-row\"><td class=\"cookielawinfo-column-1\">cookielawinfo-checkbox-necessary<\/td><td class=\"cookielawinfo-column-2\"><\/td><td class=\"cookielawinfo-column-3\">1 Anno<\/td><td class=\"cookielawinfo-column-4\">Impostato dal plugin GDPR Cookie Consent, questo cookie viene utilizzato per registrare il consenso dell'utente ai cookie nella categoria \"Necessari\".<\/td><\/tr><tr class=\"cookielawinfo-row\"><td class=\"cookielawinfo-column-1\">cookielawinfo-checkbox-others<\/td><td class=\"cookielawinfo-column-2\"><\/td><td class=\"cookielawinfo-column-3\">1 Anno<\/td><td class=\"cookielawinfo-column-4\">Imostato dal plugin GDPR Cookie Consent, questo cookie viene utilizzato per memorizzare il consenso dell'utente ai cookie nella categoria \"Altri\".<\/td><\/tr><tr class=\"cookielawinfo-row\"><td class=\"cookielawinfo-column-1\">cookielawinfo-checkbox-performance<\/td><td class=\"cookielawinfo-column-2\"><\/td><td class=\"cookielawinfo-column-3\">1 Anno<\/td><td class=\"cookielawinfo-column-4\">Impostato dal plugin GDPR Cookie Consent, questo cookie viene utilizzato per memorizzare il consenso dell'utente ai cookie nella categoria \"Performance\".<\/td><\/tr><tr class=\"cookielawinfo-row\"><td class=\"cookielawinfo-column-1\">CookieLawInfoConsent<\/td><td class=\"cookielawinfo-column-2\"><\/td><td class=\"cookielawinfo-column-3\">1 Anno<\/td><td class=\"cookielawinfo-column-4\">Registra lo stato predefinito del pulsante corrispondente alla categoria e lo stato del CCPA. Funziona solo in coordinamento con il cookie principale.<\/td><\/tr><tr class=\"cookielawinfo-row\"><td class=\"cookielawinfo-column-1\">elementor<\/td><td class=\"cookielawinfo-column-2\"><\/td><td class=\"cookielawinfo-column-3\">mai<\/td><td class=\"cookielawinfo-column-4\">Questo cookie \u00e8 utilizzato dal tema di WordPress del sito web. Consente al proprietario del sito web di implementare o modificare il contenuto del sito in tempo reale.<\/td><\/tr><tr class=\"cookielawinfo-row\"><td class=\"cookielawinfo-column-1\">JSESSIONID<\/td><td class=\"cookielawinfo-column-2\"><\/td><td class=\"cookielawinfo-column-3\">sessione<\/td><td class=\"cookielawinfo-column-4\">New Relic utilizza questo cookie per memorizzare un identificatore di sessione in modo che possa monitorare il conteggio delle sessioni per un'applicazione.<\/td><\/tr><tr class=\"cookielawinfo-row\"><td class=\"cookielawinfo-column-1\">viewed_cookie_policy<\/td><td class=\"cookielawinfo-column-2\"><\/td><td class=\"cookielawinfo-column-3\">1 Anno<\/td><td class=\"cookielawinfo-column-4\">Il cookie viene impostato dal plugin GDPR Cookie Consent per memorizzare se l'utente ha acconsentito o meno all'utilizzo dei cookie. Non memorizza alcun dato personale.<\/td><\/tr><tr class=\"cookielawinfo-row\"><td class=\"cookielawinfo-column-1\">vuid<\/td><td class=\"cookielawinfo-column-2\"><\/td><td class=\"cookielawinfo-column-3\">2 Annos<\/td><td class=\"cookielawinfo-column-4\">Vimeo installa questo cookie per raccogliere informazioni di tracciamento impostando un ID univoco per incorporare video nel sito web.<\/td><\/tr><tr class=\"cookielawinfo-row\"><td class=\"cookielawinfo-column-1\">wpEmojiSettingsSupports<\/td><td class=\"cookielawinfo-column-2\"><\/td><td class=\"cookielawinfo-column-3\">sessione<\/td><td class=\"cookielawinfo-column-4\">WordPress imposta questo cookie quando un utente interagisce con gli emoji su un sito WordPress. Serve a determinare se il browser dell'utente \u00e8 in grado di visualizzare correttamente gli emoji.<\/td><\/tr><\/tbody><\/table><\/div>\n\t\t\t\t\t\t<\/div>\n\t\t\t\t<\/div>\n\t\t\t\t<div class=\"elementor-element elementor-element-3b18fd05 elementor-widget elementor-widget-text-editor\" data-id=\"3b18fd05\" data-element_type=\"widget\" data-widget_type=\"text-editor.default\">\n\t\t\t\t<div class=\"elementor-widget-container\">\n\t\t\t\t\t\t\t\t\t<h3><span style=\"color: #72706e; font-size: 18px; font-weight: 400; font-family: var( --e-global-typography-text-font-family ), Sans-serif;\">Come segnalato nell&#8217;intestazione della homepage, si presume che l&#8217;utente accetti l&#8217;installazione e l&#8217;utilizzo dei cookie menzionati in questa sezione se prosegue la navigazione nel Sito. Se l&#8217;utente rifiuta di installare detti cookie o se ha le impostazioni di accettazione dei cookie disattivate, acconsente che la navigazione in diverse sezioni del Sito possa essere limitata. Fermo restando quanto sopra, in nessun caso la mancata installazione di alcun cookie osta all&#8217;esercizio dinanzi alla Fondazione dei diritti legalmente riconosciuti.<\/span><\/h3>\n<h3>Come disabilitare o eliminare i cookie?<\/h3>\n<p style=\"color: #72706e; font-size: 18px; font-weight: 400;\">Gli utenti possono accettare l&#8217;installazione di detti cookie, nonch\u00e9 disattivare, bloccare o eliminare tali cookie in qualsiasi momento, utilizzando le impostazioni del proprio browser:<\/p>\n<ul style=\"color: #72706e; font-size: 18px; font-weight: 400;\">\n<li>Impostazioni dei cookie in Internet Explorer \u2013 http:\/\/windows.microsoft.com\/en-us\/windows7\/block-enable-or-allow-cookies<\/li>\n<li>Impostazioni dei cookie in Firefox \u2013 https:\/\/support.mozilla.org\/en-US\/kb\/enable-and-disable-cookies-website-preferences<\/li>\n<li>Impostazioni dei cookie in Google Chrome \u2013https:\/\/support.google.com\/chrome\/answer\/95647?hl=en<\/li>\n<li>Impostazioni dei cookie in Safari \u2013https:\/\/support.apple.com\/en-gb\/HT201265<\/li>\n<li>Impostazioni dei cookie in Windows Phone -http:\/\/www.windowsphone.com\/en-us\/how-to\/wp7\/web\/changing-privacy-and-other-browser-settings<\/li>\n<\/ul>\n<h3>Aggiornamenti della politica sui cookie<\/h3>\n<p style=\"color: #72706e; font-size: 18px; font-weight: 400;\">DENTIHEX si riserva il diritto di modificare la presente Cookie Policy al fine di adempiere ad obblighi legislativi o per adeguarla alla tipologia di cookie utilizzati in questo Sito, richiedendo il consenso informato degli utenti ove previsto dalla legge.<\/p>\n<h3>Statistiche di Google<\/h3>\n<p style=\"color: #72706e; font-size: 18px; font-weight: 400;\">Questo sito web utilizza Google Analytics, un servizio di analisi web fornito da Google, Inc. (&#8220;Google&#8221;). Google Analytics utilizza dei &#8220;cookie&#8221;, che sono file di testo che vengono depositati sul Vostro computer per consentire al sito web di analizzare come gli utenti utilizzano il sito. Le informazioni generate dal cookie sull&#8217;utilizzo del sito Web (compreso il tuo indirizzo IP) verranno trasmesse e archiviate da Google su server negli Stati Uniti. In caso di attivazione dell&#8217;anonimizzazione dell&#8217;IP, Google troncher\u00e0\/render\u00e0 anonimo l&#8217;ultimo ottetto dell&#8217;indirizzo IP per gli Stati membri dell&#8217;Unione Europea e per le altre parti dell&#8217;Accordo sullo Spazio economico europeo. Solo in casi eccezionali, l&#8217;indirizzo IP completo viene inviato e abbreviato dai server di Google negli Stati Uniti. Per conto del provider del sito web, Google utilizzer\u00e0 queste informazioni allo scopo di tracciare un&#8217;analisi dell&#8217;utilizzo del sito web da parte dell&#8217;utente, compilare report sull&#8217;attivit\u00e0 del sito web per gli operatori del sito web e fornire altri servizi relativi all&#8217;attivit\u00e0 del sito web e all&#8217;utilizzo di Internet al provider del sito web. Google non assocer\u00e0 il tuo indirizzo IP a nessun altro dato posseduto da Google. Puoi rifiutare l&#8217;uso dei cookie selezionando le impostazioni appropriate sul tuo browser. Tuttavia, tieni presente che se lo fai, potresti non essere in grado di utilizzare tutte le funzionalit\u00e0 di questo sito Web. Inoltre puoi impedire la raccolta e l&#8217;utilizzo di dati da parte di Google (cookie e indirizzo IP) scaricando e installando il plug-in del browser disponibile in\u00a0<a href=\"https:\/\/tools.google.com\/dlpage\/gaoptout?hl=en-GB\" target=\"_blank\" rel=\"noreferrer noopener\">https:\/\/tools.google.com\/dlpage\/gaoptout?hl=en-GB<\/a>.<\/p>\n<p style=\"color: #72706e; font-size: 18px; font-weight: 400;\">Puoi rifiutare l&#8217;uso di Google Analytics facendo clic sul seguente link. Sul computer verr\u00e0 impostato un cookie di opt-out, che impedisce la futura raccolta dei tuoi dati durante la visita di questo sito Web: Disattiva Google Analytics.<\/p>\n<p style=\"color: #72706e; font-size: 18px; font-weight: 400;\">Ulteriori informazioni sui termini e le condizioni d&#8217;uso e sulla privacy dei dati sono disponibili all&#8217;indirizzo http:\/\/www.google.com\/analytics\/terms\/gb.html o all&#8217;indirizzo https:\/\/www.google.de\/intl\/en_uk\/policies\/. Si prega di notare che su questo sito Web, il codice di Google Analytics \u00e8 integrato da &#8220;anonymizeIp&#8221; per garantire una raccolta anonima di indirizzi IP (il cosiddetto IP-masking).<\/p>\t\t\t\t\t\t\t\t<\/div>\n\t\t\t\t<\/div>\n\t\t\t\t\t<\/div>\n\t\t<\/div>\n\t\t\t\t\t<\/div>\n\t\t<\/section>\n\t\t\t\t<\/div>\n\t\t","protected":false},"excerpt":{"rendered":"<p>Cosa sono i cookie? I cookie sono piccoli file che includono quantit\u00e0 di dati che vengono scaricati e installati su un dispositivo durante la navigazione in un sito web. Nelle successive visualizzazioni del sito Web, i cookie vengono restituiti al sito Web originale o ad altri siti Web che riconoscono detti cookie. I cookie sono [&hellip;]<\/p>\n","protected":false},"author":1,"featured_media":0,"parent":0,"menu_order":90,"comment_status":"closed","ping_status":"closed","template":"page-standard.php","meta":{"inline_featured_image":false,"footnotes":""},"class_list":["post-2436","page","type-page","status-publish","hentry"],"yoast_head":"<!-- This site is optimized with the Yoast SEO plugin v24.3 - https:\/\/yoast.com\/wordpress\/plugins\/seo\/ -->\n<title>Gestione dei Cookie - DENTIHEX\u00ae<\/title>\n<meta name=\"robots\" content=\"index, follow, max-snippet:-1, max-image-preview:large, max-video-preview:-1\" \/>\n<link rel=\"canonical\" href=\"https:\/\/www.dentihex.pet\/it\/gestione-dei-cookie\/\" \/>\n<meta property=\"og:locale\" content=\"it_IT\" \/>\n<meta property=\"og:type\" content=\"article\" \/>\n<meta property=\"og:title\" content=\"Gestione dei Cookie - DENTIHEX\u00ae\" \/>\n<meta property=\"og:description\" content=\"Cosa sono i cookie? I cookie sono piccoli file che includono quantit\u00e0 di dati che vengono scaricati e installati su un dispositivo durante la navigazione in un sito web. Nelle successive visualizzazioni del sito Web, i cookie vengono restituiti al sito Web originale o ad altri siti Web che riconoscono detti cookie. I cookie sono [&hellip;]\" \/>\n<meta property=\"og:url\" content=\"https:\/\/www.dentihex.pet\/it\/gestione-dei-cookie\/\" \/>\n<meta property=\"og:site_name\" content=\"DENTIHEX\u00ae\" \/>\n<meta property=\"article:modified_time\" content=\"2023-05-18T11:02:37+00:00\" \/>\n<meta name=\"twitter:card\" content=\"summary_large_image\" \/>\n<meta name=\"twitter:label1\" content=\"Tempo di lettura stimato\" \/>\n\t<meta name=\"twitter:data1\" content=\"5 minuti\" \/>\n<script type=\"application\/ld+json\" class=\"yoast-schema-graph\">{\"@context\":\"https:\/\/schema.org\",\"@graph\":[{\"@type\":\"WebPage\",\"@id\":\"https:\/\/www.dentihex.pet\/it\/gestione-dei-cookie\/\",\"url\":\"https:\/\/www.dentihex.pet\/it\/gestione-dei-cookie\/\",\"name\":\"Gestione dei Cookie - DENTIHEX\u00ae\",\"isPartOf\":{\"@id\":\"https:\/\/www.dentihex.pet\/it\/#website\"},\"datePublished\":\"2022-11-10T12:22:37+00:00\",\"dateModified\":\"2023-05-18T11:02:37+00:00\",\"breadcrumb\":{\"@id\":\"https:\/\/www.dentihex.pet\/it\/gestione-dei-cookie\/#breadcrumb\"},\"inLanguage\":\"it-IT\",\"potentialAction\":[{\"@type\":\"ReadAction\",\"target\":[\"https:\/\/www.dentihex.pet\/it\/gestione-dei-cookie\/\"]}]},{\"@type\":\"BreadcrumbList\",\"@id\":\"https:\/\/www.dentihex.pet\/it\/gestione-dei-cookie\/#breadcrumb\",\"itemListElement\":[{\"@type\":\"ListItem\",\"position\":1,\"name\":\"Portada\",\"item\":\"https:\/\/www.dentihex.pet\/it\/\"},{\"@type\":\"ListItem\",\"position\":2,\"name\":\"Gestione dei Cookie\"}]},{\"@type\":\"WebSite\",\"@id\":\"https:\/\/www.dentihex.pet\/it\/#website\",\"url\":\"https:\/\/www.dentihex.pet\/it\/\",\"name\":\"DENTIHEX\u00ae\",\"description\":\"A reason to smile\",\"publisher\":{\"@id\":\"https:\/\/www.dentihex.pet\/it\/#organization\"},\"potentialAction\":[{\"@type\":\"SearchAction\",\"target\":{\"@type\":\"EntryPoint\",\"urlTemplate\":\"https:\/\/www.dentihex.pet\/it\/?s={search_term_string}\"},\"query-input\":{\"@type\":\"PropertyValueSpecification\",\"valueRequired\":true,\"valueName\":\"search_term_string\"}}],\"inLanguage\":\"it-IT\"},{\"@type\":\"Organization\",\"@id\":\"https:\/\/www.dentihex.pet\/it\/#organization\",\"name\":\"Livisto\",\"url\":\"https:\/\/www.dentihex.pet\/it\/\",\"logo\":{\"@type\":\"ImageObject\",\"inLanguage\":\"it-IT\",\"@id\":\"https:\/\/www.dentihex.pet\/it\/#\/schema\/logo\/image\/\",\"url\":\"https:\/\/www.dentihex.pet\/wp-content\/uploads\/2023\/01\/livisto.png\",\"contentUrl\":\"https:\/\/www.dentihex.pet\/wp-content\/uploads\/2023\/01\/livisto.png\",\"width\":500,\"height\":277,\"caption\":\"Livisto\"},\"image\":{\"@id\":\"https:\/\/www.dentihex.pet\/it\/#\/schema\/logo\/image\/\"},\"sameAs\":[\"https:\/\/www.instagram.com\/livistogroup\/\",\"https:\/\/www.linkedin.com\/company\/livisto\/\",\"https:\/\/www.youtube.com\/playlist?list=PLEJckUpLNGDZ-iCLy5-ieZnlyNxuvl6Nb\"]}]}<\/script>\n<!-- \/ Yoast SEO plugin. -->","yoast_head_json":{"title":"Gestione dei Cookie - DENTIHEX\u00ae","robots":{"index":"index","follow":"follow","max-snippet":"max-snippet:-1","max-image-preview":"max-image-preview:large","max-video-preview":"max-video-preview:-1"},"canonical":"https:\/\/www.dentihex.pet\/it\/gestione-dei-cookie\/","og_locale":"it_IT","og_type":"article","og_title":"Gestione dei Cookie - DENTIHEX\u00ae","og_description":"Cosa sono i cookie? I cookie sono piccoli file che includono quantit\u00e0 di dati che vengono scaricati e installati su un dispositivo durante la navigazione in un sito web. Nelle successive visualizzazioni del sito Web, i cookie vengono restituiti al sito Web originale o ad altri siti Web che riconoscono detti cookie. I cookie sono [&hellip;]","og_url":"https:\/\/www.dentihex.pet\/it\/gestione-dei-cookie\/","og_site_name":"DENTIHEX\u00ae","article_modified_time":"2023-05-18T11:02:37+00:00","twitter_card":"summary_large_image","twitter_misc":{"Tempo di lettura stimato":"5 minuti"},"schema":{"@context":"https:\/\/schema.org","@graph":[{"@type":"WebPage","@id":"https:\/\/www.dentihex.pet\/it\/gestione-dei-cookie\/","url":"https:\/\/www.dentihex.pet\/it\/gestione-dei-cookie\/","name":"Gestione dei Cookie - DENTIHEX\u00ae","isPartOf":{"@id":"https:\/\/www.dentihex.pet\/it\/#website"},"datePublished":"2022-11-10T12:22:37+00:00","dateModified":"2023-05-18T11:02:37+00:00","breadcrumb":{"@id":"https:\/\/www.dentihex.pet\/it\/gestione-dei-cookie\/#breadcrumb"},"inLanguage":"it-IT","potentialAction":[{"@type":"ReadAction","target":["https:\/\/www.dentihex.pet\/it\/gestione-dei-cookie\/"]}]},{"@type":"BreadcrumbList","@id":"https:\/\/www.dentihex.pet\/it\/gestione-dei-cookie\/#breadcrumb","itemListElement":[{"@type":"ListItem","position":1,"name":"Portada","item":"https:\/\/www.dentihex.pet\/it\/"},{"@type":"ListItem","position":2,"name":"Gestione dei Cookie"}]},{"@type":"WebSite","@id":"https:\/\/www.dentihex.pet\/it\/#website","url":"https:\/\/www.dentihex.pet\/it\/","name":"DENTIHEX\u00ae","description":"A reason to smile","publisher":{"@id":"https:\/\/www.dentihex.pet\/it\/#organization"},"potentialAction":[{"@type":"SearchAction","target":{"@type":"EntryPoint","urlTemplate":"https:\/\/www.dentihex.pet\/it\/?s={search_term_string}"},"query-input":{"@type":"PropertyValueSpecification","valueRequired":true,"valueName":"search_term_string"}}],"inLanguage":"it-IT"},{"@type":"Organization","@id":"https:\/\/www.dentihex.pet\/it\/#organization","name":"Livisto","url":"https:\/\/www.dentihex.pet\/it\/","logo":{"@type":"ImageObject","inLanguage":"it-IT","@id":"https:\/\/www.dentihex.pet\/it\/#\/schema\/logo\/image\/","url":"https:\/\/www.dentihex.pet\/wp-content\/uploads\/2023\/01\/livisto.png","contentUrl":"https:\/\/www.dentihex.pet\/wp-content\/uploads\/2023\/01\/livisto.png","width":500,"height":277,"caption":"Livisto"},"image":{"@id":"https:\/\/www.dentihex.pet\/it\/#\/schema\/logo\/image\/"},"sameAs":["https:\/\/www.instagram.com\/livistogroup\/","https:\/\/www.linkedin.com\/company\/livisto\/","https:\/\/www.youtube.com\/playlist?list=PLEJckUpLNGDZ-iCLy5-ieZnlyNxuvl6Nb"]}]}},"_links":{"self":[{"href":"https:\/\/www.dentihex.pet\/it\/wp-json\/wp\/v2\/pages\/2436","targetHints":{"allow":["GET"]}}],"collection":[{"href":"https:\/\/www.dentihex.pet\/it\/wp-json\/wp\/v2\/pages"}],"about":[{"href":"https:\/\/www.dentihex.pet\/it\/wp-json\/wp\/v2\/types\/page"}],"author":[{"embeddable":true,"href":"https:\/\/www.dentihex.pet\/it\/wp-json\/wp\/v2\/users\/1"}],"replies":[{"embeddable":true,"href":"https:\/\/www.dentihex.pet\/it\/wp-json\/wp\/v2\/comments?post=2436"}],"version-history":[{"count":2,"href":"https:\/\/www.dentihex.pet\/it\/wp-json\/wp\/v2\/pages\/2436\/revisions"}],"predecessor-version":[{"id":2439,"href":"https:\/\/www.dentihex.pet\/it\/wp-json\/wp\/v2\/pages\/2436\/revisions\/2439"}],"wp:attachment":[{"href":"https:\/\/www.dentihex.pet\/it\/wp-json\/wp\/v2\/media?parent=2436"}],"curies":[{"name":"wp","href":"https:\/\/api.w.org\/{rel}","templated":true}]}}